{"id":15,"date":"2023-10-04T12:52:35","date_gmt":"2023-10-04T16:52:35","guid":{"rendered":"https:\/\/robertcyr.ca\/?page_id=15"},"modified":"2023-10-24T15:20:06","modified_gmt":"2023-10-24T19:20:06","slug":"carlos-lopes","status":"publish","type":"page","link":"https:\/\/robertcyr.ca\/?page_id=15","title":{"rendered":"CARLOS LOPES"},"content":{"rendered":"\n<p> <\/p>\n\n\n\n<p>About<\/p>\n\n\n\n<figure class=\"wp-block-image size-large\"><img loading=\"lazy\" decoding=\"async\" width=\"1024\" height=\"160\" src=\"https:\/\/robertcyr.ca\/wp-content\/uploads\/2023\/10\/lopes-1024x160.jpg\" alt=\"\" class=\"wp-image-118\" srcset=\"https:\/\/robertcyr.ca\/wp-content\/uploads\/2023\/10\/lopes-1024x160.jpg 1024w, https:\/\/robertcyr.ca\/wp-content\/uploads\/2023\/10\/lopes-300x47.jpg 300w, https:\/\/robertcyr.ca\/wp-content\/uploads\/2023\/10\/lopes-768x120.jpg 768w, https:\/\/robertcyr.ca\/wp-content\/uploads\/2023\/10\/lopes-1536x240.jpg 1536w, https:\/\/robertcyr.ca\/wp-content\/uploads\/2023\/10\/lopes-1140x178.jpg 1140w, https:\/\/robertcyr.ca\/wp-content\/uploads\/2023\/10\/lopes.jpg 1920w\" sizes=\"auto, (max-width: 1024px) 100vw, 1024px\" \/><\/figure>\n\n\n\n<p>Carlos Lopes is a composer, producer, Genie Award Winner, 2 time Gemini nominee and 4 time Golden Reel nominee. He is a highly respected musician across Canada who has produced hundreds of domestic and international musical projects for film, television and albums for more than 25 years.<br><br>Carlos\u2019 film credits include \u201cDinner At Fred\u2019s\u201d with Parker Posey and John Neville produced by George Harrison\u2019s Handmade Films, \u201cGreener Fields\u201d with Giancarlo Giannini and Burt Young, Ken Finkleman\u2019s \u201cMarried Life, The Movie\u201d, and \u201cReel Love\u201d with Burt Reynolds and LeAnn Rimes produced by Nashville\u2019s CMT and Ent 1. Among his television credits are \u201cHow To Be Indie\u00a0\u00bb for YTV, \u201cThe Nature of Things\u201d for the CBC, \u201cPuppets Who Kill\u201d for The Comedy Network and \u201cThe Famous Jett Jackson\u201d for&nbsp;Disney US.<br><br>Leading his own bands Carlos has performed at The Montr\u00e9al Jazz Festival, Qu\u00e9bec Festival D&rsquo;Et\u00e9, Festi-Jazz de Rimouski, Toronto Downtown Jazz Festival, Beaches International Jazz Festival (Toronto), Harbourfront (Molson Jazz Festival, Toronto), Ottawa, Calgary, Edmonton, Vancouver and Victoria duMaurier Jazz Festivals, and at the Ontario Pavillion, Expo &rsquo;86 (Vancouver).<br><br>Carlos has played guitar with artists like Shirley Eikhard, C\u00e9cille Frenette and Sunny Paxton, and jazz icons Maury Kaye, Phil Nimmons, Claude Ranger and Terry Clark as well as leading his own bands with Earl Seymour and Kevin Breit.<br><br>Some of the talent he has written music for and\/or produced are Mike Murley, Julie Masi, Richard Lavoie and Robert Cyr, Liz Rodrigues, Dawn Aitken, Lyne Trembley, Damhnet Doyle, Devine Brown, Rex Gaudy, Vaness, Sierra Noble, Rebecca Nazz, Ariana Gillis and Suba Sakaran.<\/p>\n\n\n\n<p><a href=\"https:\/\/ca.linkedin.com\/in\/carlos-lopes-31a25113\">https:\/\/ca.linkedin.com\/in\/carlos-lopes-31a25113<\/a><\/p>\n\n\n\n<p><\/p>\n","protected":false},"excerpt":{"rendered":"<p>About Carlos Lopes is a composer, producer, Genie Award Winner, 2 time Gemini nominee and 4 time Golden Reel nominee. He is a highly respected musician across Canada who has produced hundreds of domestic and international musical projects for film, television and albums for more than 25 years. Carlos\u2019 film credits include \u201cDinner At Fred\u2019s\u201d with Parker Posey and John Neville produced by George Harrison\u2019s Handmade Films, \u201cGreener Fields\u201d with Giancarlo Giannini and Burt Young, Ken Finkleman\u2019s \u201cMarried Life, The Movie\u201d, and \u201cReel Love\u201d with Burt Reynolds and LeAnn Rimes produced by Nashville\u2019s CMT and Ent 1. Among his television credits are \u201cHow To Be Indie\u00a0\u00bb for YTV, \u201cThe Nature of Things\u201d for the CBC, \u201cPuppets Who Kill\u201d for The Comedy Network and \u201cThe Famous Jett Jackson\u201d for&nbsp;Disney US. Leading his own bands Carlos has performed at The Montr\u00e9al Jazz Festival, Qu\u00e9bec Festival D&rsquo;Et\u00e9, Festi-Jazz de Rimouski, Toronto Downtown Jazz Festival, Beaches International Jazz Festival (Toronto), Harbourfront (Molson Jazz Festival, Toronto), Ottawa, Calgary, Edmonton, Vancouver and Victoria duMaurier Jazz Festivals, and at the Ontario Pavillion, Expo &rsquo;86 (Vancouver). Carlos has played guitar with artists like Shirley Eikhard, C\u00e9cille Frenette and Sunny Paxton, and jazz icons Maury Kaye, Phil Nimmons, Claude Ranger and Terry Clark as well as leading his own bands with Earl Seymour and Kevin Breit. Some of the talent he has written music for and\/or produced are Mike Murley, Julie Masi, Richard Lavoie and Robert Cyr, Liz Rodrigues, Dawn Aitken, Lyne Trembley, Damhnet Doyle, Devine Brown, Rex Gaudy, Vaness, Sierra Noble, Rebecca Nazz, Ariana Gillis and Suba Sakaran. https:\/\/ca.linkedin.com\/in\/carlos-lopes-31a25113<\/p>\n","protected":false},"author":1,"featured_media":0,"parent":0,"menu_order":0,"comment_status":"closed","ping_status":"closed","template":"","meta":{"footnotes":""},"class_list":["post-15","page","type-page","status-publish","hentry"],"_links":{"self":[{"href":"https:\/\/robertcyr.ca\/index.php?rest_route=\/wp\/v2\/pages\/15","targetHints":{"allow":["GET"]}}],"collection":[{"href":"https:\/\/robertcyr.ca\/index.php?rest_route=\/wp\/v2\/pages"}],"about":[{"href":"https:\/\/robertcyr.ca\/index.php?rest_route=\/wp\/v2\/types\/page"}],"author":[{"embeddable":true,"href":"https:\/\/robertcyr.ca\/index.php?rest_route=\/wp\/v2\/users\/1"}],"replies":[{"embeddable":true,"href":"https:\/\/robertcyr.ca\/index.php?rest_route=%2Fwp%2Fv2%2Fcomments&post=15"}],"version-history":[{"count":7,"href":"https:\/\/robertcyr.ca\/index.php?rest_route=\/wp\/v2\/pages\/15\/revisions"}],"predecessor-version":[{"id":131,"href":"https:\/\/robertcyr.ca\/index.php?rest_route=\/wp\/v2\/pages\/15\/revisions\/131"}],"wp:attachment":[{"href":"https:\/\/robertcyr.ca\/index.php?rest_route=%2Fwp%2Fv2%2Fmedia&parent=15"}],"curies":[{"name":"wp","href":"https:\/\/api.w.org\/{rel}","templated":true}]}}