{"id":17,"date":"2023-10-04T12:52:56","date_gmt":"2023-10-04T16:52:56","guid":{"rendered":"https:\/\/robertcyr.ca\/?page_id=17"},"modified":"2023-10-24T15:11:55","modified_gmt":"2023-10-24T19:11:55","slug":"daniel-breton","status":"publish","type":"page","link":"https:\/\/robertcyr.ca\/?page_id=17","title":{"rendered":"DANIEL BRETON"},"content":{"rendered":"\n<figure class=\"wp-block-image size-large\"><img loading=\"lazy\" decoding=\"async\" width=\"1024\" height=\"160\" src=\"https:\/\/robertcyr.ca\/wp-content\/uploads\/2023\/10\/breton-1024x160.jpg\" alt=\"\" class=\"wp-image-120\" srcset=\"https:\/\/robertcyr.ca\/wp-content\/uploads\/2023\/10\/breton-1024x160.jpg 1024w, https:\/\/robertcyr.ca\/wp-content\/uploads\/2023\/10\/breton-300x47.jpg 300w, https:\/\/robertcyr.ca\/wp-content\/uploads\/2023\/10\/breton-768x120.jpg 768w, https:\/\/robertcyr.ca\/wp-content\/uploads\/2023\/10\/breton-1536x240.jpg 1536w, https:\/\/robertcyr.ca\/wp-content\/uploads\/2023\/10\/breton-1140x178.jpg 1140w, https:\/\/robertcyr.ca\/wp-content\/uploads\/2023\/10\/breton.jpg 1920w\" sizes=\"auto, (max-width: 1024px) 100vw, 1024px\" \/><\/figure>\n\n\n\n<p>Bassiste professionnel tr\u00e8s polyvalent, Dan est un joueur de jazz de premier plan, entre autres, il a jou\u00e9 4 ans avec Carol Welsman. Il a accompagn\u00e9 des artistes du Qu\u00e9bec de renom pendant plusieurs ann\u00e9es tel Robert Charlebois et Gilles Vigneault. Il a particip\u00e9 aux enregistrements de plus de 50 albums en studio en plus d\u2019avoir fait 20 ans de t\u00e9l\u00e9 en participant \u00e0 de nombreux shows de vari\u00e9t\u00e9s et galas \u00e0 Qu\u00e9bec et Montr\u00e9al. Ses exp\u00e9riences l\u2019ont amen\u00e9 \u00e0 accompagner \u00e0 la t\u00e9l\u00e9 plusieurs grands artistes dont C\u00e9line Dion, Serge Lam<\/p>\n\n\n\n<p>De 1975 \u00e0 aujourd&rsquo;hui , enregistrements en studios avec diff\u00e9rents artistes , plus de soixante albums . Membre (house band) de plusieurs shows t\u00e9l\u00e9 , vari\u00e9t\u00e9s , talk shows , galas , concerts.&nbsp; Radio Canada , TVA , T\u00e9l\u00e9 Qu\u00e9bec et TQS<\/p>\n\n\n\n<p>1982&nbsp; Tourn\u00e9e&nbsp; \u00ab\u00a0Sorti Dubois\u00a0\u00bb&nbsp; Claude Dubois<\/p>\n\n\n\n<p>&nbsp;&nbsp;&nbsp;&nbsp;&nbsp;&nbsp;&nbsp;&nbsp;&nbsp; Concerts avec Diane Tell (tourn\u00e9e)<\/p>\n\n\n\n<p>1990&nbsp; S\u00e9rie d&rsquo;\u00e9t\u00e9&nbsp; \u00ab\u00a0Beau et Chaud\u00a0\u00bb&nbsp;&nbsp; T\u00e9l\u00e9 Qu\u00e9bec<\/p>\n\n\n\n<p>1996 &#8211; 2002&nbsp; Robert Charlebois&nbsp; (Maudite Tourn\u00e9e) , tourn\u00e9es Qu\u00e9bec , Canada , France , Suisse et Belgique<\/p>\n\n\n\n<p>2003 &#8211; 2008&nbsp; Jean-Pierre Ferland , tourn\u00e9es Qu\u00e9bec<\/p>\n\n\n\n<figure class=\"wp-block-embed is-type-wp-embed is-provider-guylan-seft-site-officiel wp-block-embed-guylan-seft-site-officiel\"><div class=\"wp-block-embed__wrapper\">\n<blockquote class=\"wp-embedded-content\" data-secret=\"cAJT2qHXT2\"><a href=\"https:\/\/www.guylanseft.com\/daniel-breton-basse\/\">Daniel Breton, basse.<\/a><\/blockquote><iframe loading=\"lazy\" class=\"wp-embedded-content\" sandbox=\"allow-scripts\" security=\"restricted\" style=\"position: absolute; clip: rect(1px, 1px, 1px, 1px);\" title=\"&laquo; Daniel Breton, basse. &raquo; &#8212; Guylan Seft | Site officiel\" src=\"https:\/\/www.guylanseft.com\/daniel-breton-basse\/embed\/#?secret=cAJT2qHXT2\" data-secret=\"cAJT2qHXT2\" width=\"600\" height=\"338\" frameborder=\"0\" marginwidth=\"0\" marginheight=\"0\" scrolling=\"no\"><\/iframe>\n<\/div><\/figure>\n\n\n","protected":false},"excerpt":{"rendered":"<p>Bassiste professionnel tr\u00e8s polyvalent, Dan est un joueur de jazz de premier plan, entre autres, il a jou\u00e9 4 ans avec Carol Welsman. Il a accompagn\u00e9 des artistes du Qu\u00e9bec de renom pendant plusieurs ann\u00e9es tel Robert Charlebois et Gilles Vigneault. Il a particip\u00e9 aux enregistrements de plus de 50 albums en studio en plus d\u2019avoir fait 20 ans de t\u00e9l\u00e9 en participant \u00e0 de nombreux shows de vari\u00e9t\u00e9s et galas \u00e0 Qu\u00e9bec et Montr\u00e9al. Ses exp\u00e9riences l\u2019ont amen\u00e9 \u00e0 accompagner \u00e0 la t\u00e9l\u00e9 plusieurs grands artistes dont C\u00e9line Dion, Serge Lam De 1975 \u00e0 aujourd&rsquo;hui , enregistrements en studios avec diff\u00e9rents artistes , plus de soixante albums . Membre (house band) de plusieurs shows t\u00e9l\u00e9 , vari\u00e9t\u00e9s , talk shows , galas , concerts.&nbsp; Radio Canada , TVA , T\u00e9l\u00e9 Qu\u00e9bec et TQS 1982&nbsp; Tourn\u00e9e&nbsp; \u00ab\u00a0Sorti Dubois\u00a0\u00bb&nbsp; Claude Dubois &nbsp;&nbsp;&nbsp;&nbsp;&nbsp;&nbsp;&nbsp;&nbsp;&nbsp; Concerts avec Diane Tell (tourn\u00e9e) 1990&nbsp; S\u00e9rie d&rsquo;\u00e9t\u00e9&nbsp; \u00ab\u00a0Beau et Chaud\u00a0\u00bb&nbsp;&nbsp; T\u00e9l\u00e9 Qu\u00e9bec 1996 &#8211; 2002&nbsp; Robert Charlebois&nbsp; (Maudite Tourn\u00e9e) , tourn\u00e9es Qu\u00e9bec , Canada , France , Suisse et Belgique 2003 &#8211; 2008&nbsp; Jean-Pierre Ferland , tourn\u00e9es Qu\u00e9bec<\/p>\n","protected":false},"author":1,"featured_media":0,"parent":0,"menu_order":0,"comment_status":"closed","ping_status":"closed","template":"","meta":{"footnotes":""},"class_list":["post-17","page","type-page","status-publish","hentry"],"_links":{"self":[{"href":"https:\/\/robertcyr.ca\/index.php?rest_route=\/wp\/v2\/pages\/17","targetHints":{"allow":["GET"]}}],"collection":[{"href":"https:\/\/robertcyr.ca\/index.php?rest_route=\/wp\/v2\/pages"}],"about":[{"href":"https:\/\/robertcyr.ca\/index.php?rest_route=\/wp\/v2\/types\/page"}],"author":[{"embeddable":true,"href":"https:\/\/robertcyr.ca\/index.php?rest_route=\/wp\/v2\/users\/1"}],"replies":[{"embeddable":true,"href":"https:\/\/robertcyr.ca\/index.php?rest_route=%2Fwp%2Fv2%2Fcomments&post=17"}],"version-history":[{"count":4,"href":"https:\/\/robertcyr.ca\/index.php?rest_route=\/wp\/v2\/pages\/17\/revisions"}],"predecessor-version":[{"id":121,"href":"https:\/\/robertcyr.ca\/index.php?rest_route=\/wp\/v2\/pages\/17\/revisions\/121"}],"wp:attachment":[{"href":"https:\/\/robertcyr.ca\/index.php?rest_route=%2Fwp%2Fv2%2Fmedia&parent=17"}],"curies":[{"name":"wp","href":"https:\/\/api.w.org\/{rel}","templated":true}]}}