{"id":23,"date":"2023-10-04T12:53:54","date_gmt":"2023-10-04T16:53:54","guid":{"rendered":"https:\/\/robertcyr.ca\/?page_id=23"},"modified":"2024-07-25T17:16:08","modified_gmt":"2024-07-25T21:16:08","slug":"ecouter","status":"publish","type":"page","link":"https:\/\/robertcyr.ca\/?page_id=23","title":{"rendered":"\u00c9COUTER"},"content":{"rendered":"\n<figure class=\"wp-block-image size-large is-resized\"><img loading=\"lazy\" decoding=\"async\" width=\"1022\" height=\"1024\" src=\"https:\/\/robertcyr.ca\/wp-content\/uploads\/2023\/10\/Capture-decran-le-2023-09-28-a-21.00.07-1022x1024.png\" alt=\"\" class=\"wp-image-133\" style=\"aspect-ratio:0.998046875;width:349px;height:auto\" srcset=\"https:\/\/robertcyr.ca\/wp-content\/uploads\/2023\/10\/Capture-decran-le-2023-09-28-a-21.00.07-1022x1024.png 1022w, https:\/\/robertcyr.ca\/wp-content\/uploads\/2023\/10\/Capture-decran-le-2023-09-28-a-21.00.07-300x300.png 300w, https:\/\/robertcyr.ca\/wp-content\/uploads\/2023\/10\/Capture-decran-le-2023-09-28-a-21.00.07-150x150.png 150w, https:\/\/robertcyr.ca\/wp-content\/uploads\/2023\/10\/Capture-decran-le-2023-09-28-a-21.00.07-768x770.png 768w, https:\/\/robertcyr.ca\/wp-content\/uploads\/2023\/10\/Capture-decran-le-2023-09-28-a-21.00.07-1533x1536.png 1533w, https:\/\/robertcyr.ca\/wp-content\/uploads\/2023\/10\/Capture-decran-le-2023-09-28-a-21.00.07-1140x1142.png 1140w, https:\/\/robertcyr.ca\/wp-content\/uploads\/2023\/10\/Capture-decran-le-2023-09-28-a-21.00.07-75x75.png 75w, https:\/\/robertcyr.ca\/wp-content\/uploads\/2023\/10\/Capture-decran-le-2023-09-28-a-21.00.07.png 1998w\" sizes=\"auto, (max-width: 1022px) 100vw, 1022px\" \/><\/figure>\n\n\n\n<p><\/p>\n\n\n\n<p><\/p>\n\n\n\n<h5 class=\"wp-block-heading\">11 JUIN 2006<\/h5>\n\n\n\n<figure class=\"wp-block-audio\"><audio controls src=\"https:\/\/robertcyr.ca\/wp-content\/uploads\/2023\/10\/Juin-20-sec.mp3\"><\/audio><\/figure>\n\n\n\n<h5 class=\"wp-block-heading\">CALIFORNIE<\/h5>\n\n\n\n<figure class=\"wp-block-audio\"><audio controls src=\"https:\/\/robertcyr.ca\/wp-content\/uploads\/2023\/10\/Californie-20-sec.mp3\"><\/audio><\/figure>\n\n\n\n<h5 class=\"wp-block-heading\">CECIL GARETH<\/h5>\n\n\n\n<figure class=\"wp-block-audio\"><audio controls src=\"https:\/\/robertcyr.ca\/wp-content\/uploads\/2023\/10\/Cecil-20-sec.mp3\"><\/audio><\/figure>\n\n\n\n<h5 class=\"wp-block-heading\">CHIANTI ET LILAS<\/h5>\n\n\n\n<figure class=\"wp-block-audio\"><audio controls src=\"https:\/\/robertcyr.ca\/wp-content\/uploads\/2023\/10\/Chianti-20-sec.mp3\"><\/audio><\/figure>\n\n\n\n<h5 class=\"wp-block-heading\">COUP D&rsquo;\u00c9P\u00c9E DANS L&rsquo;EAU<\/h5>\n\n\n\n<figure class=\"wp-block-audio\"><audio controls src=\"https:\/\/robertcyr.ca\/wp-content\/uploads\/2023\/10\/Epee-20-sec.mp3\"><\/audio><\/figure>\n\n\n\n<h5 class=\"wp-block-heading\">DE L&rsquo;AUTOMOBILE \u00c0 LA CAMIONNETTE<\/h5>\n\n\n\n<figure class=\"wp-block-audio\"><audio controls src=\"https:\/\/robertcyr.ca\/wp-content\/uploads\/2023\/10\/Camionnette-20-sec.mp3\"><\/audio><\/figure>\n\n\n\n<h5 class=\"wp-block-heading\">DONNER&#8230;<\/h5>\n\n\n\n<figure class=\"wp-block-audio\"><audio controls src=\"https:\/\/robertcyr.ca\/wp-content\/uploads\/2023\/10\/Donner-20-sec.mp3\"><\/audio><\/figure>\n\n\n\n<h5 class=\"wp-block-heading\">FEU DE PAILLE<\/h5>\n\n\n\n<figure class=\"wp-block-audio\"><audio controls src=\"https:\/\/robertcyr.ca\/wp-content\/uploads\/2023\/10\/Paille-20-sec.mp3\"><\/audio><\/figure>\n\n\n\n<h5 class=\"wp-block-heading\">FURIE<\/h5>\n\n\n\n<figure class=\"wp-block-audio\"><audio controls src=\"https:\/\/robertcyr.ca\/wp-content\/uploads\/2023\/10\/Furie-20-sec.mp3\"><\/audio><\/figure>\n\n\n\n<h5 class=\"wp-block-heading\">MAL PARTIE<\/h5>\n\n\n\n<figure class=\"wp-block-audio\"><audio controls src=\"https:\/\/robertcyr.ca\/wp-content\/uploads\/2023\/10\/Mal-partie-20-sec.mp3\"><\/audio><\/figure>\n\n\n\n<h5 class=\"wp-block-heading\">MALADIE MORTELLE<\/h5>\n\n\n\n<figure class=\"wp-block-audio\"><audio controls src=\"https:\/\/robertcyr.ca\/wp-content\/uploads\/2023\/10\/Mortelle-20-sec.mp3\"><\/audio><\/figure>\n\n\n\n<h5 class=\"wp-block-heading\">ONCE I HAD YOUR SMILE<\/h5>\n\n\n\n<figure class=\"wp-block-audio\"><audio controls src=\"https:\/\/robertcyr.ca\/wp-content\/uploads\/2023\/10\/Smile-20-sec.mp3\"><\/audio><\/figure>\n\n\n\n<h5 class=\"wp-block-heading\">TOUT OUBLIER<\/h5>\n\n\n\n<figure class=\"wp-block-audio\"><audio controls src=\"https:\/\/robertcyr.ca\/wp-content\/uploads\/2023\/10\/Oublier-20-sec.mp3\"><\/audio><\/figure>\n\n\n\n<h5 class=\"wp-block-heading\">TU M&rsquo;AIMERAS TOUJOURS<\/h5>\n\n\n\n<figure class=\"wp-block-audio\"><audio controls src=\"https:\/\/robertcyr.ca\/wp-content\/uploads\/2023\/10\/Tu-maimeras-toujours-20-sec-1.mp3\"><\/audio><\/figure>\n","protected":false},"excerpt":{"rendered":"<p>11 JUIN 2006 CALIFORNIE CECIL GARETH CHIANTI ET LILAS COUP D&rsquo;\u00c9P\u00c9E DANS L&rsquo;EAU DE L&rsquo;AUTOMOBILE \u00c0 LA CAMIONNETTE DONNER&#8230; FEU DE PAILLE FURIE MAL PARTIE MALADIE MORTELLE ONCE I HAD YOUR SMILE TOUT OUBLIER TU M&rsquo;AIMERAS TOUJOURS<\/p>\n","protected":false},"author":1,"featured_media":0,"parent":0,"menu_order":0,"comment_status":"closed","ping_status":"closed","template":"","meta":{"footnotes":""},"class_list":["post-23","page","type-page","status-publish","hentry"],"_links":{"self":[{"href":"https:\/\/robertcyr.ca\/index.php?rest_route=\/wp\/v2\/pages\/23","targetHints":{"allow":["GET"]}}],"collection":[{"href":"https:\/\/robertcyr.ca\/index.php?rest_route=\/wp\/v2\/pages"}],"about":[{"href":"https:\/\/robertcyr.ca\/index.php?rest_route=\/wp\/v2\/types\/page"}],"author":[{"embeddable":true,"href":"https:\/\/robertcyr.ca\/index.php?rest_route=\/wp\/v2\/users\/1"}],"replies":[{"embeddable":true,"href":"https:\/\/robertcyr.ca\/index.php?rest_route=%2Fwp%2Fv2%2Fcomments&post=23"}],"version-history":[{"count":22,"href":"https:\/\/robertcyr.ca\/index.php?rest_route=\/wp\/v2\/pages\/23\/revisions"}],"predecessor-version":[{"id":222,"href":"https:\/\/robertcyr.ca\/index.php?rest_route=\/wp\/v2\/pages\/23\/revisions\/222"}],"wp:attachment":[{"href":"https:\/\/robertcyr.ca\/index.php?rest_route=%2Fwp%2Fv2%2Fmedia&parent=23"}],"curies":[{"name":"wp","href":"https:\/\/api.w.org\/{rel}","templated":true}]}}