{"id":52,"date":"2023-10-04T13:22:52","date_gmt":"2023-10-04T17:22:52","guid":{"rendered":"https:\/\/robertcyr.ca\/?page_id=52"},"modified":"2023-10-04T13:22:52","modified_gmt":"2023-10-04T17:22:52","slug":"11-juin-2006","status":"publish","type":"page","link":"https:\/\/robertcyr.ca\/?page_id=52","title":{"rendered":"11 JUIN 2006"},"content":{"rendered":"\n<p>J\u2019esp\u00e8re que c\u2019est bien pour toi <br>Que le ciel est g\u00e9n\u00e9reux et\u00a0\u00a0clair\u2026<br>J\u2019esp\u00e8re qu\u2019ils aimeront Lavoie<br>Qu\u2019ils appr\u00e9cieront son c\u0153ur de pierre<br>Parfois quand je regarde en l\u2019air<br>Le monde redevient r\u00e9el<br>Je crois que tous les gens Sur terre<br>Tous ont regard\u00e9 le m\u00eame ciel\u2026<\/p>\n\n\n\n<p>Les \u00e9toiles c\u2019est ailleurs<br>C\u2019est pour guider le c\u0153ur des marins<br>Pour qu\u2019ils se sentent chez eux<br>N\u2019importe o\u00f9 m\u00eame quand ils sont loin<br>Parfois quand je regarde en l\u2019air<br>Je fini par avoir le vertige<br>\u00c0 l\u2019envers c\u2019est comme tomber en haut<br>Je suis aspir\u00e9 par l\u2019univers<\/p>\n\n\n\n<p><strong>Toi sous le m\u00eame ciel que moi\u00a0<\/strong><br><strong>Sous le m\u00eame ciel que toi<\/strong><\/p>\n\n\n\n<p>Tout le monde<br>Tout au long de sa vie<br>Tout le monde r\u00eave d\u2019avoir des ailes<br>Tout le monde en Afrique en Gasp\u00e9sie<br>Tout le monde r\u00eave d\u2019avoir des ailes\u2026<br>Tout l\u2019monde \u00e9changerait sa fortune contre des plumes et du vent<br>Tout l\u2019monde voudrait user sa vie<br>Comme Jonathan le Go\u00e9land<\/p>\n\n\n\n<p><strong>Toi sous le m\u00eame ciel que moi\u00a0<\/strong><br><strong>Sous le m\u00eame ciel que toi<\/strong><\/p>\n\n\n\n<p><em>Personne, a jamais dit\u00a0<\/em><br><em>Que la lune \u00e9tait laide<\/em><br><em>Tout le monde s\u2019entend qu\u2019elle est belle\u2026<\/em><br><em>Personne \u00e0 jamais dit \u00e0 quoi sert la nuit<\/em><br><em>Il n\u2019aurait personne sans elle<\/em><br><em>Personne a jamais dit ta maison est ici,<\/em><br><em>T\u2019as le m\u00eame plafond partout.<\/em><br><em>Personne t\u2019a jamais dit<\/em><br><em>De mourir ou t\u2019es n\u00e9<\/em><br><em>Tu peux partir ailleurs et c\u2019est tout\u2026<\/em><\/p>\n\n\n\n<p><strong>Toi sous le m\u00eame ciel que moi\u00a0<\/strong><br><strong>Sous le m\u00eame ciel que toi<\/strong><\/p>\n\n\n\n<p><em>Paroles de Robert Cyr<\/em><br><em>Musique de Robert Cyr et Carlos Lopes<\/em><\/p>\n","protected":false},"excerpt":{"rendered":"<p>J\u2019esp\u00e8re que c\u2019est bien pour toi Que le ciel est g\u00e9n\u00e9reux et\u00a0\u00a0clair\u2026J\u2019esp\u00e8re qu\u2019ils aimeront LavoieQu\u2019ils appr\u00e9cieront son c\u0153ur de pierreParfois quand je regarde en l\u2019airLe monde redevient r\u00e9elJe crois que tous les gens Sur terreTous ont regard\u00e9 le m\u00eame ciel\u2026 Les \u00e9toiles c\u2019est ailleursC\u2019est pour guider le c\u0153ur des marinsPour qu\u2019ils se sentent chez euxN\u2019importe o\u00f9 m\u00eame quand ils sont loinParfois quand je regarde en l\u2019airJe fini par avoir le vertige\u00c0 l\u2019envers c\u2019est comme tomber en hautJe suis aspir\u00e9 par l\u2019univers Toi sous le m\u00eame ciel que moi\u00a0Sous le m\u00eame ciel que toi Tout le mondeTout au long de sa vieTout le monde r\u00eave d\u2019avoir des ailesTout le monde en Afrique en Gasp\u00e9sieTout le monde r\u00eave d\u2019avoir des ailes\u2026Tout l\u2019monde \u00e9changerait sa fortune contre des plumes et du ventTout l\u2019monde voudrait user sa vieComme Jonathan le Go\u00e9land Toi sous le m\u00eame ciel que moi\u00a0Sous le m\u00eame ciel que toi Personne, a jamais dit\u00a0Que la lune \u00e9tait laideTout le monde s\u2019entend qu\u2019elle est belle\u2026Personne \u00e0 jamais dit \u00e0 quoi sert la nuitIl n\u2019aurait personne sans ellePersonne a jamais dit ta maison est ici,T\u2019as le m\u00eame plafond partout.Personne t\u2019a jamais ditDe mourir ou t\u2019es n\u00e9Tu peux partir ailleurs et c\u2019est tout\u2026 Toi sous le m\u00eame ciel que moi\u00a0Sous le m\u00eame ciel que toi Paroles de Robert CyrMusique de Robert Cyr et Carlos Lopes<\/p>\n","protected":false},"author":1,"featured_media":0,"parent":0,"menu_order":0,"comment_status":"closed","ping_status":"closed","template":"","meta":{"footnotes":""},"class_list":["post-52","page","type-page","status-publish","hentry"],"_links":{"self":[{"href":"https:\/\/robertcyr.ca\/index.php?rest_route=\/wp\/v2\/pages\/52","targetHints":{"allow":["GET"]}}],"collection":[{"href":"https:\/\/robertcyr.ca\/index.php?rest_route=\/wp\/v2\/pages"}],"about":[{"href":"https:\/\/robertcyr.ca\/index.php?rest_route=\/wp\/v2\/types\/page"}],"author":[{"embeddable":true,"href":"https:\/\/robertcyr.ca\/index.php?rest_route=\/wp\/v2\/users\/1"}],"replies":[{"embeddable":true,"href":"https:\/\/robertcyr.ca\/index.php?rest_route=%2Fwp%2Fv2%2Fcomments&post=52"}],"version-history":[{"count":1,"href":"https:\/\/robertcyr.ca\/index.php?rest_route=\/wp\/v2\/pages\/52\/revisions"}],"predecessor-version":[{"id":53,"href":"https:\/\/robertcyr.ca\/index.php?rest_route=\/wp\/v2\/pages\/52\/revisions\/53"}],"wp:attachment":[{"href":"https:\/\/robertcyr.ca\/index.php?rest_route=%2Fwp%2Fv2%2Fmedia&parent=52"}],"curies":[{"name":"wp","href":"https:\/\/api.w.org\/{rel}","templated":true}]}}