{"id":59,"date":"2023-10-04T13:39:25","date_gmt":"2023-10-04T17:39:25","guid":{"rendered":"https:\/\/robertcyr.ca\/?page_id=59"},"modified":"2023-10-04T13:39:25","modified_gmt":"2023-10-04T17:39:25","slug":"chianti-et-lilas","status":"publish","type":"page","link":"https:\/\/robertcyr.ca\/?page_id=59","title":{"rendered":"CHIANTI ET LILAS"},"content":{"rendered":"\n<p>\u00c0 Qu\u00e9bec boulevard St Cyrille<br>Y\u2019a le plus beau lilas en ville<br>Je me souviens du coin de la rue Casot<br>J\u2019y ai go\u00fbt\u00e9 mon premier Nipozzano<\/p>\n\n\n\n<p><strong><em>Ah le lilas et le Chianti<\/em><\/strong><br><strong><em>Ont fait tout un ravage<\/em><\/strong><br><strong><em>Une Italienne de Gasp\u00e9sie<\/em><\/strong><br><strong><em>A croqu\u00e9 mon c\u0153ur comme une pomme<\/em><\/strong><br><strong><em>La douleur s\u2019est chang\u00e9e en bonheur<\/em><\/strong><br><strong><em>D\u2019homme\u2026<\/em><\/strong><\/p>\n\n\n\n<p>Quelque part dans mes ann\u00e9es na\u00efves<br>Faut \u00eatre jeune pour que \u00e7a arrive<br>J\u2019ai bu le vin comme l\u2019amour au goulot<br>On s\u2019est parl\u00e9 toute la nuit sans dire un mot<\/p>\n\n\n\n<p><strong><em>Ah le lilas et le Chianti<\/em><\/strong><br><strong><em>Ont fait tout un mariage<\/em><\/strong><br><strong><em>Nous n\u2019avons m\u00eame pas touch\u00e9 le lit<\/em><\/strong><br><strong><em>Nous avons flott\u00e9 sur un nuage<\/em><\/strong><br><strong><em>Entre le plafond et le tapis\u2026sage<\/em><\/strong><\/p>\n\n\n\n<p>Aujourd\u2019hui le boulevard a chang\u00e9 de nom<br>Le lilas a grandit et touche au balcon<br>Je me demande si c\u2019est le m\u00eame tapis<br>S\u2019il flotte encore un peu de nous au plafond<\/p>\n\n\n\n<p><strong><em>Ah le lilas et le Chianti<\/em><\/strong><br><strong><em>Ont fait tout un m\u00e9nage<\/em><\/strong><br><strong><em>Nous avons tous deux repris nos vies<\/em><\/strong><br><strong><em>Elle ne pense plus jamais \u00e0 moi<\/em><\/strong><br><strong><em>Et quand je bois du Chianti je songe<\/em><\/strong><br><strong><em>Au\u00a0\u00a0lilas\u2026<\/em><\/strong><br><strong><em>Au lilas\u2026<\/em><\/strong><\/p>\n\n\n\n<p><em>Paroles de Robert Cyr<\/em> <br><em>Musique de Robert Cyr et Carlos Lopes<\/em><\/p>\n\n\n\n<p><\/p>\n","protected":false},"excerpt":{"rendered":"<p>\u00c0 Qu\u00e9bec boulevard St CyrilleY\u2019a le plus beau lilas en villeJe me souviens du coin de la rue CasotJ\u2019y ai go\u00fbt\u00e9 mon premier Nipozzano Ah le lilas et le ChiantiOnt fait tout un ravageUne Italienne de Gasp\u00e9sieA croqu\u00e9 mon c\u0153ur comme une pommeLa douleur s\u2019est chang\u00e9e en bonheurD\u2019homme\u2026 Quelque part dans mes ann\u00e9es na\u00efvesFaut \u00eatre jeune pour que \u00e7a arriveJ\u2019ai bu le vin comme l\u2019amour au goulotOn s\u2019est parl\u00e9 toute la nuit sans dire un mot Ah le lilas et le ChiantiOnt fait tout un mariageNous n\u2019avons m\u00eame pas touch\u00e9 le litNous avons flott\u00e9 sur un nuageEntre le plafond et le tapis\u2026sage Aujourd\u2019hui le boulevard a chang\u00e9 de nomLe lilas a grandit et touche au balconJe me demande si c\u2019est le m\u00eame tapisS\u2019il flotte encore un peu de nous au plafond Ah le lilas et le ChiantiOnt fait tout un m\u00e9nageNous avons tous deux repris nos viesElle ne pense plus jamais \u00e0 moiEt quand je bois du Chianti je songeAu\u00a0\u00a0lilas\u2026Au lilas\u2026 Paroles de Robert Cyr Musique de Robert Cyr et Carlos Lopes<\/p>\n","protected":false},"author":1,"featured_media":0,"parent":0,"menu_order":0,"comment_status":"closed","ping_status":"closed","template":"","meta":{"footnotes":""},"class_list":["post-59","page","type-page","status-publish","hentry"],"_links":{"self":[{"href":"https:\/\/robertcyr.ca\/index.php?rest_route=\/wp\/v2\/pages\/59","targetHints":{"allow":["GET"]}}],"collection":[{"href":"https:\/\/robertcyr.ca\/index.php?rest_route=\/wp\/v2\/pages"}],"about":[{"href":"https:\/\/robertcyr.ca\/index.php?rest_route=\/wp\/v2\/types\/page"}],"author":[{"embeddable":true,"href":"https:\/\/robertcyr.ca\/index.php?rest_route=\/wp\/v2\/users\/1"}],"replies":[{"embeddable":true,"href":"https:\/\/robertcyr.ca\/index.php?rest_route=%2Fwp%2Fv2%2Fcomments&post=59"}],"version-history":[{"count":1,"href":"https:\/\/robertcyr.ca\/index.php?rest_route=\/wp\/v2\/pages\/59\/revisions"}],"predecessor-version":[{"id":60,"href":"https:\/\/robertcyr.ca\/index.php?rest_route=\/wp\/v2\/pages\/59\/revisions\/60"}],"wp:attachment":[{"href":"https:\/\/robertcyr.ca\/index.php?rest_route=%2Fwp%2Fv2%2Fmedia&parent=59"}],"curies":[{"name":"wp","href":"https:\/\/api.w.org\/{rel}","templated":true}]}}