{"id":61,"date":"2023-10-04T13:42:18","date_gmt":"2023-10-04T17:42:18","guid":{"rendered":"https:\/\/robertcyr.ca\/?page_id=61"},"modified":"2023-10-04T13:42:18","modified_gmt":"2023-10-04T17:42:18","slug":"coup-depee-dans-leau","status":"publish","type":"page","link":"https:\/\/robertcyr.ca\/?page_id=61","title":{"rendered":"COUP D&rsquo;\u00c9P\u00c9E DANS L&rsquo;EAU"},"content":{"rendered":"\n<p>Je n\u2019avais pas grand chose \u00e0 dire<br>Pour cette chanson l\u00e0<br>J\u2019esp\u00e9rais qu\u2019elle ne parle pas d\u2019amour<br>Les jours ou on en manque, les jours ou y\u2019en a trop\u00a0\u00a0Qu\u2019on l\u2019oublie dans la cour<br>Pourtant c\u2019est \u00e9trange quand je pense \u00e0 l\u2019amour\u00a0<br>Je pense \u00e0 toi mon ange pour passer dans ta cour\u00a0<br>Je fais m\u00eame un d\u00e9tour est-ce que je te d\u00e9range\u00a0?<\/p>\n\n\n\n<p><strong>Habille-to\u00e9 on s\u2019en va en ville, user les trottoirs<\/strong><br><strong>Comme tu vois c\u2019est plut\u00f4t facile comme histoire<\/strong><br><strong>Encore un coup d\u2019\u00e9p\u00e9e dans l\u2019eau, encore<\/strong><\/p>\n\n\n\n<p>Je n\u2019avais rien \u00e0 dire pour cette chanson l\u00e0\u00a0<br>Je voulais qu\u2019elle ne parle pas de haine<br>Les jours ou on en manque, les jours ou y\u2019en a tant\u00a0\u00a0que \u00e7a pollue le sang dans nos veines<\/p>\n\n\n\n<p>Pourtant c\u2019est \u00e9trange quand je pense \u00e0 l\u2019amour je pense \u00e0 toi mon ange pour passer dans ta cour\u00a0<br>je fais m\u00eame un d\u00e9tour est-ce que je te d\u00e9range\u00a0<\/p>\n\n\n\n<p><strong>Habille-to\u00e9 on s\u2019en va en ville, user les trottoirs<\/strong><br><strong>Comme tu vois c\u2019est plut\u00f4t facile comme histoire<\/strong><br><strong>Encore un coup d\u2019\u00e9p\u00e9e dans l\u2019eau, encore<\/strong><\/p>\n\n\n\n<p><em>Paroles de Robert Cyr<\/em><br><em>Musique de Carlos Lopes et Robert Cyr<\/em><\/p>\n","protected":false},"excerpt":{"rendered":"<p>Je n\u2019avais pas grand chose \u00e0 direPour cette chanson l\u00e0J\u2019esp\u00e9rais qu\u2019elle ne parle pas d\u2019amourLes jours ou on en manque, les jours ou y\u2019en a trop\u00a0\u00a0Qu\u2019on l\u2019oublie dans la courPourtant c\u2019est \u00e9trange quand je pense \u00e0 l\u2019amour\u00a0Je pense \u00e0 toi mon ange pour passer dans ta cour\u00a0Je fais m\u00eame un d\u00e9tour est-ce que je te d\u00e9range\u00a0? Habille-to\u00e9 on s\u2019en va en ville, user les trottoirsComme tu vois c\u2019est plut\u00f4t facile comme histoireEncore un coup d\u2019\u00e9p\u00e9e dans l\u2019eau, encore Je n\u2019avais rien \u00e0 dire pour cette chanson l\u00e0\u00a0Je voulais qu\u2019elle ne parle pas de haineLes jours ou on en manque, les jours ou y\u2019en a tant\u00a0\u00a0que \u00e7a pollue le sang dans nos veines Pourtant c\u2019est \u00e9trange quand je pense \u00e0 l\u2019amour je pense \u00e0 toi mon ange pour passer dans ta cour\u00a0je fais m\u00eame un d\u00e9tour est-ce que je te d\u00e9range\u00a0 Habille-to\u00e9 on s\u2019en va en ville, user les trottoirsComme tu vois c\u2019est plut\u00f4t facile comme histoireEncore un coup d\u2019\u00e9p\u00e9e dans l\u2019eau, encore Paroles de Robert CyrMusique de Carlos Lopes et Robert Cyr<\/p>\n","protected":false},"author":1,"featured_media":0,"parent":0,"menu_order":0,"comment_status":"closed","ping_status":"closed","template":"","meta":{"footnotes":""},"class_list":["post-61","page","type-page","status-publish","hentry"],"_links":{"self":[{"href":"https:\/\/robertcyr.ca\/index.php?rest_route=\/wp\/v2\/pages\/61","targetHints":{"allow":["GET"]}}],"collection":[{"href":"https:\/\/robertcyr.ca\/index.php?rest_route=\/wp\/v2\/pages"}],"about":[{"href":"https:\/\/robertcyr.ca\/index.php?rest_route=\/wp\/v2\/types\/page"}],"author":[{"embeddable":true,"href":"https:\/\/robertcyr.ca\/index.php?rest_route=\/wp\/v2\/users\/1"}],"replies":[{"embeddable":true,"href":"https:\/\/robertcyr.ca\/index.php?rest_route=%2Fwp%2Fv2%2Fcomments&post=61"}],"version-history":[{"count":1,"href":"https:\/\/robertcyr.ca\/index.php?rest_route=\/wp\/v2\/pages\/61\/revisions"}],"predecessor-version":[{"id":62,"href":"https:\/\/robertcyr.ca\/index.php?rest_route=\/wp\/v2\/pages\/61\/revisions\/62"}],"wp:attachment":[{"href":"https:\/\/robertcyr.ca\/index.php?rest_route=%2Fwp%2Fv2%2Fmedia&parent=61"}],"curies":[{"name":"wp","href":"https:\/\/api.w.org\/{rel}","templated":true}]}}