{"id":63,"date":"2023-10-04T13:45:40","date_gmt":"2023-10-04T17:45:40","guid":{"rendered":"https:\/\/robertcyr.ca\/?page_id=63"},"modified":"2023-10-04T13:45:40","modified_gmt":"2023-10-04T17:45:40","slug":"de-lautomobile-a-la-camionnette","status":"publish","type":"page","link":"https:\/\/robertcyr.ca\/?page_id=63","title":{"rendered":"DE L&rsquo;AUTOMOBILE \u00c0 LA CAMIONNETTE"},"content":{"rendered":"\n<p>Il en assez vu<br>Il n\u2019a pas tout compris c\u2019est sur<br>Il en a assez vu<br>Vient-il de sourire<br>J\u2019ne suis pas sur<br>Il regarde content dans la cour<br>\u00c0 soixante et dix ans<br>Sa premi\u00e8re voiture neuve<br>Celle la qu\u2019il conduira lui-m\u00eame<br>Pour aller \u00e0 l\u2019hospice<\/p>\n\n\n\n<p><strong>De l\u2019automobile \u00e0 la camionnette<\/strong><br><strong>Mon p\u00e8re conduisait toujours\u00a0<\/strong><br><strong>Pas\u00a0plus loin que la ville<\/strong><br><strong>\u00c0 quatre miles de chez nous<\/strong><br><strong>\u00c0 la fen\u00eatre ma m\u00e8re et nous<\/strong><br><strong>De l\u2019automobile \u00e0 la camionnette<\/strong><br><strong>Mon p\u00e8re conduisait toujours\u00a0<\/strong><br><strong>Pas plus loin que la ville<\/strong><br><strong>\u00c0 quatre miles de chez nous<\/strong><br><strong>Il en a fait du milage pour nous<\/strong><br><strong>Du milage\u2026<\/strong><\/p>\n\n\n\n<p>J\u2019ai appris depuis toujours<br>\u00c0 masquer dans mon regard<br>Depuis toujours\u2026<br>Mes \u00e9motions face au d\u00e9part<br>Son rire autrefois \u00e9branlait les m\u00fbrs<br>S\u2019est mu\u00e9 en sourire<br>Qui \u00e9branle aussi mais<br>On doit le surprendre<br>Pour \u00eatre sur<\/p>\n\n\n\n<p>Refrain<\/p>\n\n\n\n<p>En nous serrant la main<br>Comme dans un film<br>Sur un quai de gare<br>En nous serrant la main<br>Je l\u2019ai senti trembler un peu<br>J\u2019ai compris trop tard<br>Que ses grands yeux bleus<br>Agissaient sur moi<br>Comme un \u00e9cran<br>Je n\u2019ai jamais vraiment<br>Connu l\u2019homme<br>Qui tenait le volant<\/p>\n\n\n\n<p>Refrain et fin<\/p>\n\n\n\n<p><em>Paroles de Robert Cyr<\/em><br><em>Musique de Robert Cyr et Carlos Lopes<\/em><\/p>\n","protected":false},"excerpt":{"rendered":"<p>Il en assez vuIl n\u2019a pas tout compris c\u2019est surIl en a assez vuVient-il de sourireJ\u2019ne suis pas surIl regarde content dans la cour\u00c0 soixante et dix ansSa premi\u00e8re voiture neuveCelle la qu\u2019il conduira lui-m\u00eamePour aller \u00e0 l\u2019hospice De l\u2019automobile \u00e0 la camionnetteMon p\u00e8re conduisait toujours\u00a0Pas\u00a0plus loin que la ville\u00c0 quatre miles de chez nous\u00c0 la fen\u00eatre ma m\u00e8re et nousDe l\u2019automobile \u00e0 la camionnetteMon p\u00e8re conduisait toujours\u00a0Pas plus loin que la ville\u00c0 quatre miles de chez nousIl en a fait du milage pour nousDu milage\u2026 J\u2019ai appris depuis toujours\u00c0 masquer dans mon regardDepuis toujours\u2026Mes \u00e9motions face au d\u00e9partSon rire autrefois \u00e9branlait les m\u00fbrsS\u2019est mu\u00e9 en sourireQui \u00e9branle aussi maisOn doit le surprendrePour \u00eatre sur Refrain En nous serrant la mainComme dans un filmSur un quai de gareEn nous serrant la mainJe l\u2019ai senti trembler un peuJ\u2019ai compris trop tardQue ses grands yeux bleusAgissaient sur moiComme un \u00e9cranJe n\u2019ai jamais vraimentConnu l\u2019hommeQui tenait le volant Refrain et fin Paroles de Robert CyrMusique de Robert Cyr et Carlos Lopes<\/p>\n","protected":false},"author":1,"featured_media":0,"parent":0,"menu_order":0,"comment_status":"closed","ping_status":"closed","template":"","meta":{"footnotes":""},"class_list":["post-63","page","type-page","status-publish","hentry"],"_links":{"self":[{"href":"https:\/\/robertcyr.ca\/index.php?rest_route=\/wp\/v2\/pages\/63","targetHints":{"allow":["GET"]}}],"collection":[{"href":"https:\/\/robertcyr.ca\/index.php?rest_route=\/wp\/v2\/pages"}],"about":[{"href":"https:\/\/robertcyr.ca\/index.php?rest_route=\/wp\/v2\/types\/page"}],"author":[{"embeddable":true,"href":"https:\/\/robertcyr.ca\/index.php?rest_route=\/wp\/v2\/users\/1"}],"replies":[{"embeddable":true,"href":"https:\/\/robertcyr.ca\/index.php?rest_route=%2Fwp%2Fv2%2Fcomments&post=63"}],"version-history":[{"count":1,"href":"https:\/\/robertcyr.ca\/index.php?rest_route=\/wp\/v2\/pages\/63\/revisions"}],"predecessor-version":[{"id":64,"href":"https:\/\/robertcyr.ca\/index.php?rest_route=\/wp\/v2\/pages\/63\/revisions\/64"}],"wp:attachment":[{"href":"https:\/\/robertcyr.ca\/index.php?rest_route=%2Fwp%2Fv2%2Fmedia&parent=63"}],"curies":[{"name":"wp","href":"https:\/\/api.w.org\/{rel}","templated":true}]}}