{"id":65,"date":"2023-10-04T13:49:23","date_gmt":"2023-10-04T17:49:23","guid":{"rendered":"https:\/\/robertcyr.ca\/?page_id=65"},"modified":"2023-10-04T13:49:23","modified_gmt":"2023-10-04T17:49:23","slug":"donner","status":"publish","type":"page","link":"https:\/\/robertcyr.ca\/?page_id=65","title":{"rendered":"DONNER&#8230;"},"content":{"rendered":"\n<p>Il y a bien des hommes en ce moment m\u00eame<br>Bien des hommes qui souffrent<br>Bien des \u00e2mes en ce moment m\u00eame<br>Qui souffrent, qui souffrent, qui souffrent<br>Il y a trop d\u2019enfants que personne n\u2019aime<br>Qui n\u2019ont pas de p\u00e8re<br>Trop d\u2019enfants en ce moment m\u00eame<br>Qui n\u2019aiment pas leur m\u00e8re<\/p>\n\n\n\n<p><strong>Il faut donner,\u00a0<em>donner<\/em>, donner,\u00a0<em>donner<\/em><\/strong><br><strong>Donner le meilleur de nous<\/strong><br><strong>Donner,\u00a0<em>donner<\/em>, donner,\u00a0<em>donner<\/em><\/strong><br><strong>Donner le meilleur que nous<\/strong><br><strong><em>Soyons capable de<\/em>\u00a0donner,\u00a0<em>donner\u00a0<\/em><\/strong><br><strong>Donner,\u00a0<em>donner<\/em><\/strong><br><strong>Donner le meilleur de tout<\/strong><br><strong>Donner,\u00a0<em>donner<\/em>, donner,\u00a0<em>donner<\/em><\/strong><br><strong>Jusqu&rsquo;\u00e0 ne plus rien avoir du tout<\/strong><\/p>\n\n\n\n<p>Il y a bien des gais en ce moment m\u00eame<br>Que personne n\u2019a jamais vu sourire\u2026<br>bien des femmes en ce moment bl\u00eame<br>que personne verra jamais sourire\u2026<br>il y a bien des noirs habit\u00e9s par la haine<br>Bien plus beaux que j\u00e9sus<br>Bien des noirs abattus par la haine\u00a0<br>Que personne n\u2019aura jamais connu\u2026<br><br>Il faudrait enfin pouvoir<br><strong>Donner,\u00a0<em>donner, donner, donner<\/em><\/strong><br><strong>Donner le meilleur de nous<\/strong><br><strong>Donner, donner, donner, donner<\/strong><br><strong>Donner le meilleur que nous soyons capable de<\/strong><br><strong>Donner, donner, donner le meilleur de nous<\/strong><br><strong>Donner, donner<\/strong><br><strong>Jusqu\u2019\u00e0 ne plus rien avoir du tout<\/strong><\/p>\n\n\n\n<p>Il y a bien des gens prisonniers de leurs corps<br>Qui n\u2019ont pas d\u2019amis<br>Tout plein d\u2019anges priv\u00e9s de leur mort<br>Oubli\u00e9s dans des lit<br>Il y a bien longtemps que nous sommes sortis<br>Des entrailles de la terre<br>Poussi\u00e8re de jour attir\u00e9e par la lumi\u00e8re<br>Que pourrions nous faire<br><\/p>\n\n\n\n<p>Commen\u00e7ons donc par<br><strong>Donner,\u00a0pardonner, donner,\u00a0pardonner<\/strong><br><strong>Donner le meilleur de nous<\/strong><br><strong>Donner, pardonner, donner, pardonner<\/strong><br><strong>Donner \u00e0 ceux qui n\u2019ont rien<\/strong><br><strong>Tout l\u2019monde ensemble il faudrait<\/strong><br><strong>Donner,\u00a0pardonner, donner,\u00a0pardonner<\/strong><br><strong>Pardonner aux meilleurs de nous<\/strong><br><strong>Pardonner,\u00a0donner, pardonner, donner<\/strong><br><strong>Pardonner \u00e0 ceux qui ont tout<\/strong><\/p>\n\n\n\n<p><em>Paroles de Robert Cyr<\/em><br><em>Musique de Carlos Lopes et Robert Cyr<\/em><\/p>\n","protected":false},"excerpt":{"rendered":"<p>Il y a bien des hommes en ce moment m\u00eameBien des hommes qui souffrentBien des \u00e2mes en ce moment m\u00eameQui souffrent, qui souffrent, qui souffrentIl y a trop d\u2019enfants que personne n\u2019aimeQui n\u2019ont pas de p\u00e8reTrop d\u2019enfants en ce moment m\u00eameQui n\u2019aiment pas leur m\u00e8re Il faut donner,\u00a0donner, donner,\u00a0donnerDonner le meilleur de nousDonner,\u00a0donner, donner,\u00a0donnerDonner le meilleur que nousSoyons capable de\u00a0donner,\u00a0donner\u00a0Donner,\u00a0donnerDonner le meilleur de toutDonner,\u00a0donner, donner,\u00a0donnerJusqu&rsquo;\u00e0 ne plus rien avoir du tout Il y a bien des gais en ce moment m\u00eameQue personne n\u2019a jamais vu sourire\u2026bien des femmes en ce moment bl\u00eameque personne verra jamais sourire\u2026il y a bien des noirs habit\u00e9s par la haineBien plus beaux que j\u00e9susBien des noirs abattus par la haine\u00a0Que personne n\u2019aura jamais connu\u2026 Il faudrait enfin pouvoirDonner,\u00a0donner, donner, donnerDonner le meilleur de nousDonner, donner, donner, donnerDonner le meilleur que nous soyons capable deDonner, donner, donner le meilleur de nousDonner, donnerJusqu\u2019\u00e0 ne plus rien avoir du tout Il y a bien des gens prisonniers de leurs corpsQui n\u2019ont pas d\u2019amisTout plein d\u2019anges priv\u00e9s de leur mortOubli\u00e9s dans des litIl y a bien longtemps que nous sommes sortisDes entrailles de la terrePoussi\u00e8re de jour attir\u00e9e par la lumi\u00e8reQue pourrions nous faire Commen\u00e7ons donc parDonner,\u00a0pardonner, donner,\u00a0pardonnerDonner le meilleur de nousDonner, pardonner, donner, pardonnerDonner \u00e0 ceux qui n\u2019ont rienTout l\u2019monde ensemble il faudraitDonner,\u00a0pardonner, donner,\u00a0pardonnerPardonner aux meilleurs de nousPardonner,\u00a0donner, pardonner, donnerPardonner \u00e0 ceux qui ont tout Paroles de Robert CyrMusique de Carlos Lopes et Robert Cyr<\/p>\n","protected":false},"author":1,"featured_media":0,"parent":0,"menu_order":0,"comment_status":"closed","ping_status":"closed","template":"","meta":{"footnotes":""},"class_list":["post-65","page","type-page","status-publish","hentry"],"_links":{"self":[{"href":"https:\/\/robertcyr.ca\/index.php?rest_route=\/wp\/v2\/pages\/65","targetHints":{"allow":["GET"]}}],"collection":[{"href":"https:\/\/robertcyr.ca\/index.php?rest_route=\/wp\/v2\/pages"}],"about":[{"href":"https:\/\/robertcyr.ca\/index.php?rest_route=\/wp\/v2\/types\/page"}],"author":[{"embeddable":true,"href":"https:\/\/robertcyr.ca\/index.php?rest_route=\/wp\/v2\/users\/1"}],"replies":[{"embeddable":true,"href":"https:\/\/robertcyr.ca\/index.php?rest_route=%2Fwp%2Fv2%2Fcomments&post=65"}],"version-history":[{"count":1,"href":"https:\/\/robertcyr.ca\/index.php?rest_route=\/wp\/v2\/pages\/65\/revisions"}],"predecessor-version":[{"id":66,"href":"https:\/\/robertcyr.ca\/index.php?rest_route=\/wp\/v2\/pages\/65\/revisions\/66"}],"wp:attachment":[{"href":"https:\/\/robertcyr.ca\/index.php?rest_route=%2Fwp%2Fv2%2Fmedia&parent=65"}],"curies":[{"name":"wp","href":"https:\/\/api.w.org\/{rel}","templated":true}]}}