{"id":67,"date":"2023-10-04T13:52:50","date_gmt":"2023-10-04T17:52:50","guid":{"rendered":"https:\/\/robertcyr.ca\/?page_id=67"},"modified":"2023-10-04T13:52:50","modified_gmt":"2023-10-04T17:52:50","slug":"feu-de-paille","status":"publish","type":"page","link":"https:\/\/robertcyr.ca\/?page_id=67","title":{"rendered":"FEU DE PAILLE"},"content":{"rendered":"\n<p>Quand tu plantes tes yeux dans les miens<br>Que tu br\u00fbles d\u2019amour comme du vieux foin<br>C\u2019est un feu de paille<br>Un Feu de paille\u2026<\/p>\n\n\n\n<p>Quand tu prends ma t\u00eate par son menton<br>Que tu plantes ta langue<br>En bas de mon front<br>C\u2019est un feu de paille<br>Un Feu de paille\u2026<\/p>\n\n\n\n<p><strong>Parce que tout br\u00fble<\/strong><br><strong>Quand on se voit<\/strong><br><strong>Un peu beaucoup<\/strong><br><strong>Parfois des fois<\/strong><br><strong>Je songe \u00e0 fuir<\/strong><br><strong>Par le balcon<\/strong><br><strong>M\u2019\u00e9vaporer<\/strong><br><strong>Vers l\u2019horizon<\/strong><\/p>\n\n\n\n<p>Quand tu me pousses \u00e0 terre<br>Que tu me tombes dessus<br>Quand tu m\u2019envoies en l\u2019air<br>Avec toi sur le dessus<br>C\u2019est un feu de paille<br>Un feu de paille.<\/p>\n\n\n\n<p>Quand tu me p\u00e9n\u00e8tres sournoisement<br>Avec un peu de vent du souffle de ton \u00e2me<br>Dans mon oreille<br>C\u2019est un feu de paille.<\/p>\n\n\n\n<p><strong>Parce que tout br\u00fble<\/strong><br><strong>Quand tu me touches<\/strong><br><strong>D\u2019un feu insensible<\/strong><br><strong>\u00c0 la douche<\/strong><br><strong>Je songe \u00e0 fuir<\/strong><br><strong>Vers le p\u00f4le nord<\/strong><br><strong>Loin des br\u00fblures<\/strong><br><strong>Et de ton corps<\/strong><\/p>\n\n\n\n<p>Quand tu me prends les mains<br>Et puis que tu les poses<br>Sur tes deux seins<br>C\u2019est \u00e0 peine si j\u2019ose<br>Bouger les reins<br>C\u2019est un feu de paille.<\/p>\n\n\n\n<p>Quand tu\u00a0\u00a0t\u2019endors soudainement<br>Que la montagne n\u2019est plus un volcan<br>C\u2019est un feu de paille<br>Feu de paille<\/p>\n\n\n\n<p><strong>Parce que l\u2019incendie se d\u00e9place<\/strong><br><strong>On fait l\u2019eau avec de la glace<\/strong><br><strong>Je songe \u00e0 fuir vers Jupite<\/strong>r<br><strong>La terre est belle vue de l\u2019espace<\/strong><\/p>\n\n\n\n<p><em>Paroles de Robert Cyr<\/em><br><em>Musique de Robert Cyr et Carlos Lopes<\/em><\/p>\n","protected":false},"excerpt":{"rendered":"<p>Quand tu plantes tes yeux dans les miensQue tu br\u00fbles d\u2019amour comme du vieux foinC\u2019est un feu de pailleUn Feu de paille\u2026 Quand tu prends ma t\u00eate par son mentonQue tu plantes ta langueEn bas de mon frontC\u2019est un feu de pailleUn Feu de paille\u2026 Parce que tout br\u00fbleQuand on se voitUn peu beaucoupParfois des foisJe songe \u00e0 fuirPar le balconM\u2019\u00e9vaporerVers l\u2019horizon Quand tu me pousses \u00e0 terreQue tu me tombes dessusQuand tu m\u2019envoies en l\u2019airAvec toi sur le dessusC\u2019est un feu de pailleUn feu de paille. Quand tu me p\u00e9n\u00e8tres sournoisementAvec un peu de vent du souffle de ton \u00e2meDans mon oreilleC\u2019est un feu de paille. Parce que tout br\u00fbleQuand tu me touchesD\u2019un feu insensible\u00c0 la doucheJe songe \u00e0 fuirVers le p\u00f4le nordLoin des br\u00fbluresEt de ton corps Quand tu me prends les mainsEt puis que tu les posesSur tes deux seinsC\u2019est \u00e0 peine si j\u2019oseBouger les reinsC\u2019est un feu de paille. Quand tu\u00a0\u00a0t\u2019endors soudainementQue la montagne n\u2019est plus un volcanC\u2019est un feu de pailleFeu de paille Parce que l\u2019incendie se d\u00e9placeOn fait l\u2019eau avec de la glaceJe songe \u00e0 fuir vers JupiterLa terre est belle vue de l\u2019espace Paroles de Robert CyrMusique de Robert Cyr et Carlos Lopes<\/p>\n","protected":false},"author":1,"featured_media":0,"parent":0,"menu_order":0,"comment_status":"closed","ping_status":"closed","template":"","meta":{"footnotes":""},"class_list":["post-67","page","type-page","status-publish","hentry"],"_links":{"self":[{"href":"https:\/\/robertcyr.ca\/index.php?rest_route=\/wp\/v2\/pages\/67","targetHints":{"allow":["GET"]}}],"collection":[{"href":"https:\/\/robertcyr.ca\/index.php?rest_route=\/wp\/v2\/pages"}],"about":[{"href":"https:\/\/robertcyr.ca\/index.php?rest_route=\/wp\/v2\/types\/page"}],"author":[{"embeddable":true,"href":"https:\/\/robertcyr.ca\/index.php?rest_route=\/wp\/v2\/users\/1"}],"replies":[{"embeddable":true,"href":"https:\/\/robertcyr.ca\/index.php?rest_route=%2Fwp%2Fv2%2Fcomments&post=67"}],"version-history":[{"count":1,"href":"https:\/\/robertcyr.ca\/index.php?rest_route=\/wp\/v2\/pages\/67\/revisions"}],"predecessor-version":[{"id":68,"href":"https:\/\/robertcyr.ca\/index.php?rest_route=\/wp\/v2\/pages\/67\/revisions\/68"}],"wp:attachment":[{"href":"https:\/\/robertcyr.ca\/index.php?rest_route=%2Fwp%2Fv2%2Fmedia&parent=67"}],"curies":[{"name":"wp","href":"https:\/\/api.w.org\/{rel}","templated":true}]}}