{"id":71,"date":"2023-10-04T13:55:50","date_gmt":"2023-10-04T17:55:50","guid":{"rendered":"https:\/\/robertcyr.ca\/?page_id=71"},"modified":"2023-10-04T13:55:50","modified_gmt":"2023-10-04T17:55:50","slug":"mal-partie","status":"publish","type":"page","link":"https:\/\/robertcyr.ca\/?page_id=71","title":{"rendered":"MAL PARTIE"},"content":{"rendered":"\n<p>Cinq heures du matin \u00e0 Montr\u00e9al<br>M\u00eame dans le noir les rues semblent sales<br>Cinq heures du matin dans une gare<br>Les clochards sont des enfants perdus<br>Maman, maman regarde ou j\u2019en suis rendu\u2026<\/p>\n\n\n\n<p><strong>Princesse cherche son roi<\/strong><br><strong>Une chanson faite pour moi<\/strong><br><strong>Mal partie\u2026<\/strong><\/p>\n\n\n\n<p>Cinq heures du matin \u00e0 Montr\u00e9al<br>Monsieur l\u2019agent vous me faites mal<br>Cinq heures du matin pour l\u2019amour<br>De Dieu qui n\u2019existe pas toujours<br>Maman, maman regarde ou j\u2019en suis rendu\u2026<\/p>\n\n\n\n<p><strong>Princesse cherche son roi<\/strong><br><strong>Une chanson faite pour moi<\/strong><br><strong>Mal partie\u2026<\/strong><\/p>\n\n\n\n<p>Instrumental<\/p>\n\n\n\n<p><strong>J\u2019appelle au secours, au secours\u2026<\/strong><br><strong>Mal, mal je suis mal partie<\/strong><br><strong>Mal\u2026<\/strong><\/p>\n\n\n\n<p>Princesse cherche son roi<br>Une chanson faite pour moi<\/p>\n\n\n\n<p><em>Paroles de Robert Cyr<\/em><br><em>Musique de Robert Cyr et Carlos Lopes<\/em><\/p>\n","protected":false},"excerpt":{"rendered":"<p>Cinq heures du matin \u00e0 Montr\u00e9alM\u00eame dans le noir les rues semblent salesCinq heures du matin dans une gareLes clochards sont des enfants perdusMaman, maman regarde ou j\u2019en suis rendu\u2026 Princesse cherche son roiUne chanson faite pour moiMal partie\u2026 Cinq heures du matin \u00e0 Montr\u00e9alMonsieur l\u2019agent vous me faites malCinq heures du matin pour l\u2019amourDe Dieu qui n\u2019existe pas toujoursMaman, maman regarde ou j\u2019en suis rendu\u2026 Princesse cherche son roiUne chanson faite pour moiMal partie\u2026 Instrumental J\u2019appelle au secours, au secours\u2026Mal, mal je suis mal partieMal\u2026 Princesse cherche son roiUne chanson faite pour moi Paroles de Robert CyrMusique de Robert Cyr et Carlos Lopes<\/p>\n","protected":false},"author":1,"featured_media":0,"parent":0,"menu_order":0,"comment_status":"closed","ping_status":"closed","template":"","meta":{"footnotes":""},"class_list":["post-71","page","type-page","status-publish","hentry"],"_links":{"self":[{"href":"https:\/\/robertcyr.ca\/index.php?rest_route=\/wp\/v2\/pages\/71","targetHints":{"allow":["GET"]}}],"collection":[{"href":"https:\/\/robertcyr.ca\/index.php?rest_route=\/wp\/v2\/pages"}],"about":[{"href":"https:\/\/robertcyr.ca\/index.php?rest_route=\/wp\/v2\/types\/page"}],"author":[{"embeddable":true,"href":"https:\/\/robertcyr.ca\/index.php?rest_route=\/wp\/v2\/users\/1"}],"replies":[{"embeddable":true,"href":"https:\/\/robertcyr.ca\/index.php?rest_route=%2Fwp%2Fv2%2Fcomments&post=71"}],"version-history":[{"count":1,"href":"https:\/\/robertcyr.ca\/index.php?rest_route=\/wp\/v2\/pages\/71\/revisions"}],"predecessor-version":[{"id":72,"href":"https:\/\/robertcyr.ca\/index.php?rest_route=\/wp\/v2\/pages\/71\/revisions\/72"}],"wp:attachment":[{"href":"https:\/\/robertcyr.ca\/index.php?rest_route=%2Fwp%2Fv2%2Fmedia&parent=71"}],"curies":[{"name":"wp","href":"https:\/\/api.w.org\/{rel}","templated":true}]}}