{"id":73,"date":"2023-10-04T13:57:16","date_gmt":"2023-10-04T17:57:16","guid":{"rendered":"https:\/\/robertcyr.ca\/?page_id=73"},"modified":"2023-10-04T13:57:16","modified_gmt":"2023-10-04T17:57:16","slug":"maladie-mortelle","status":"publish","type":"page","link":"https:\/\/robertcyr.ca\/?page_id=73","title":{"rendered":"MALADIE MORTELLE"},"content":{"rendered":"\n<p>Comme j\u2019aimerais mourir couch\u00e9 sur l\u2019eau<br>Dans une chaloupe au bord de la terre<br>Oh, finir mes jours en buvant de l\u2019eau<br>En buvant du vin, en buvant d\u2019la bi\u00e8re<\/p>\n\n\n\n<p><strong>J\u2019vais partir, c\u2019est \u00e9crit dans le ciel<\/strong><br><strong>La vie est une maladie mortelle<\/strong><br><strong><em>Je sens d\u00e9j\u00e0 pousser mes ailes<\/em><\/strong><br><strong><em>Tout est parfait, si loin si pr\u00e8s\u2026<\/em><\/strong><\/p>\n\n\n\n<p>J\u2019voudrais finir mes jours dehors\u00a0<br>Dans une minoune ou dans un beau char<br>Finir mes jours l\u2019esprit tranquille<br>R\u00e9fl\u00e9chir \u00e0 l\u2019amour loin de la ville<\/p>\n\n\n\n<p><strong>J\u2019vais partir, c\u2019est \u00e9crit dans le ciel<\/strong><br><strong>La vie est une maladie mortelle<\/strong><br><strong><em>Je sens d\u00e9j\u00e0 pousser mes ailes<\/em><\/strong><br><strong><em>Tout est si bien si pr\u00e8s si loin<\/em><\/strong><\/p>\n\n\n\n<p>J\u2019veux finir mes jours couch\u00e9 sur l\u2019herbe<br>En fumer un peu pour voir c\u2019que \u00e7a go\u00fbte<br>Pas d\u2019intraveineuses, pas de go\u00fbte \u00e0 go\u00fbte<br>Une \u00e2me heureuse au bout de sa route<\/p>\n\n\n\n<p><strong>Je sens d\u00e9j\u00e0 pousser mes ailes<\/strong><br><strong>Tout est si bien si pr\u00e8s si loin<\/strong><br><strong>Je sens d\u00e9j\u00e0 pousser mes ailes<\/strong><br><strong>Tout est parfait si loin si pr\u00e8s<\/strong><\/p>\n\n\n\n<p><em>Paroles de Robert Cyr<\/em><br><em>Musique de Carlos Lopes et Robert Cyr<\/em><\/p>\n","protected":false},"excerpt":{"rendered":"<p>Comme j\u2019aimerais mourir couch\u00e9 sur l\u2019eauDans une chaloupe au bord de la terreOh, finir mes jours en buvant de l\u2019eauEn buvant du vin, en buvant d\u2019la bi\u00e8re J\u2019vais partir, c\u2019est \u00e9crit dans le cielLa vie est une maladie mortelleJe sens d\u00e9j\u00e0 pousser mes ailesTout est parfait, si loin si pr\u00e8s\u2026 J\u2019voudrais finir mes jours dehors\u00a0Dans une minoune ou dans un beau charFinir mes jours l\u2019esprit tranquilleR\u00e9fl\u00e9chir \u00e0 l\u2019amour loin de la ville J\u2019vais partir, c\u2019est \u00e9crit dans le cielLa vie est une maladie mortelleJe sens d\u00e9j\u00e0 pousser mes ailesTout est si bien si pr\u00e8s si loin J\u2019veux finir mes jours couch\u00e9 sur l\u2019herbeEn fumer un peu pour voir c\u2019que \u00e7a go\u00fbtePas d\u2019intraveineuses, pas de go\u00fbte \u00e0 go\u00fbteUne \u00e2me heureuse au bout de sa route Je sens d\u00e9j\u00e0 pousser mes ailesTout est si bien si pr\u00e8s si loinJe sens d\u00e9j\u00e0 pousser mes ailesTout est parfait si loin si pr\u00e8s Paroles de Robert CyrMusique de Carlos Lopes et Robert Cyr<\/p>\n","protected":false},"author":1,"featured_media":0,"parent":0,"menu_order":0,"comment_status":"closed","ping_status":"closed","template":"","meta":{"footnotes":""},"class_list":["post-73","page","type-page","status-publish","hentry"],"_links":{"self":[{"href":"https:\/\/robertcyr.ca\/index.php?rest_route=\/wp\/v2\/pages\/73","targetHints":{"allow":["GET"]}}],"collection":[{"href":"https:\/\/robertcyr.ca\/index.php?rest_route=\/wp\/v2\/pages"}],"about":[{"href":"https:\/\/robertcyr.ca\/index.php?rest_route=\/wp\/v2\/types\/page"}],"author":[{"embeddable":true,"href":"https:\/\/robertcyr.ca\/index.php?rest_route=\/wp\/v2\/users\/1"}],"replies":[{"embeddable":true,"href":"https:\/\/robertcyr.ca\/index.php?rest_route=%2Fwp%2Fv2%2Fcomments&post=73"}],"version-history":[{"count":1,"href":"https:\/\/robertcyr.ca\/index.php?rest_route=\/wp\/v2\/pages\/73\/revisions"}],"predecessor-version":[{"id":74,"href":"https:\/\/robertcyr.ca\/index.php?rest_route=\/wp\/v2\/pages\/73\/revisions\/74"}],"wp:attachment":[{"href":"https:\/\/robertcyr.ca\/index.php?rest_route=%2Fwp%2Fv2%2Fmedia&parent=73"}],"curies":[{"name":"wp","href":"https:\/\/api.w.org\/{rel}","templated":true}]}}