{"id":77,"date":"2023-10-04T13:59:52","date_gmt":"2023-10-04T17:59:52","guid":{"rendered":"https:\/\/robertcyr.ca\/?page_id=77"},"modified":"2023-10-04T13:59:52","modified_gmt":"2023-10-04T17:59:52","slug":"tout-oublier","status":"publish","type":"page","link":"https:\/\/robertcyr.ca\/?page_id=77","title":{"rendered":"TOUT OUBLIER"},"content":{"rendered":"\n<p>Me voil\u00e0 encore au m\u00eame point mort<br>Faut que j\u2019vire de bord casser le mauvais sort<br>\u00c7a me prendrait des mots un blues, une m\u00e9lodie<br>Faut pas que j\u2019y pense trop\u00a0<br>C\u2019est toi qui me l\u2019as dis<\/p>\n\n\n\n<p><strong>Tu dois tout oublier te changer les id\u00e9es<\/strong><br><strong>Tout oublier pour mieux recommencer<\/strong><br><strong>Oublie donc tes id\u00e9es<\/strong><br><strong>Oublie les pour toi<\/strong><\/p>\n\n\n\n<p>Je me retrouve encore en vieux tor\u00e9ador<br>Ridicule danseur qui voudrait dompter ton coeur<br>Je ne sais rien des mots du sorcier de la nuit<br>Faut pas que j\u2019y pense trop c\u2019est Bob qui l\u2019a \u00e9crit<\/p>\n\n\n\n<p><strong>Tu dois tout oublier te changer les id\u00e9es<\/strong><br><strong>Tout oublier pour mieux recommencer<\/strong><br><strong>Oublier ces id\u00e9es<\/strong><br><strong>Oublier pour toi<\/strong><\/p>\n\n\n\n<p><em>Instrumental<\/em><\/p>\n\n\n\n<p><strong>J\u2019ai tout oubli\u00e9, me suis chang\u00e9 les id\u00e9es<\/strong><br><strong>Tout oubli\u00e9 pour mieux recommencer<\/strong><br><strong>Oubli\u00e9 ces id\u00e9es, oubli\u00e9 pour toi<\/strong><br><strong>Oubli\u00e9 pour moi, oubli\u00e9 pour toi et moi<\/strong><\/p>\n\n\n\n<p><em>Paroles de Richard Lavoie et Robert Cyr<\/em><br><em>Musique de Richard Lavoie, Robert Cyr et Carlos Lopes<\/em><\/p>\n","protected":false},"excerpt":{"rendered":"<p>Me voil\u00e0 encore au m\u00eame point mortFaut que j\u2019vire de bord casser le mauvais sort\u00c7a me prendrait des mots un blues, une m\u00e9lodieFaut pas que j\u2019y pense trop\u00a0C\u2019est toi qui me l\u2019as dis Tu dois tout oublier te changer les id\u00e9esTout oublier pour mieux recommencerOublie donc tes id\u00e9esOublie les pour toi Je me retrouve encore en vieux tor\u00e9adorRidicule danseur qui voudrait dompter ton coeurJe ne sais rien des mots du sorcier de la nuitFaut pas que j\u2019y pense trop c\u2019est Bob qui l\u2019a \u00e9crit Tu dois tout oublier te changer les id\u00e9esTout oublier pour mieux recommencerOublier ces id\u00e9esOublier pour toi Instrumental J\u2019ai tout oubli\u00e9, me suis chang\u00e9 les id\u00e9esTout oubli\u00e9 pour mieux recommencerOubli\u00e9 ces id\u00e9es, oubli\u00e9 pour toiOubli\u00e9 pour moi, oubli\u00e9 pour toi et moi Paroles de Richard Lavoie et Robert CyrMusique de Richard Lavoie, Robert Cyr et Carlos Lopes<\/p>\n","protected":false},"author":1,"featured_media":0,"parent":0,"menu_order":0,"comment_status":"closed","ping_status":"closed","template":"","meta":{"footnotes":""},"class_list":["post-77","page","type-page","status-publish","hentry"],"_links":{"self":[{"href":"https:\/\/robertcyr.ca\/index.php?rest_route=\/wp\/v2\/pages\/77","targetHints":{"allow":["GET"]}}],"collection":[{"href":"https:\/\/robertcyr.ca\/index.php?rest_route=\/wp\/v2\/pages"}],"about":[{"href":"https:\/\/robertcyr.ca\/index.php?rest_route=\/wp\/v2\/types\/page"}],"author":[{"embeddable":true,"href":"https:\/\/robertcyr.ca\/index.php?rest_route=\/wp\/v2\/users\/1"}],"replies":[{"embeddable":true,"href":"https:\/\/robertcyr.ca\/index.php?rest_route=%2Fwp%2Fv2%2Fcomments&post=77"}],"version-history":[{"count":1,"href":"https:\/\/robertcyr.ca\/index.php?rest_route=\/wp\/v2\/pages\/77\/revisions"}],"predecessor-version":[{"id":78,"href":"https:\/\/robertcyr.ca\/index.php?rest_route=\/wp\/v2\/pages\/77\/revisions\/78"}],"wp:attachment":[{"href":"https:\/\/robertcyr.ca\/index.php?rest_route=%2Fwp%2Fv2%2Fmedia&parent=77"}],"curies":[{"name":"wp","href":"https:\/\/api.w.org\/{rel}","templated":true}]}}