{"id":94,"date":"2023-10-04T14:05:48","date_gmt":"2023-10-04T18:05:48","guid":{"rendered":"https:\/\/robertcyr.ca\/?page_id=94"},"modified":"2023-10-04T14:05:48","modified_gmt":"2023-10-04T18:05:48","slug":"sylvain-neault","status":"publish","type":"page","link":"https:\/\/robertcyr.ca\/?page_id=94","title":{"rendered":"SYLVAIN NEAULT"},"content":{"rendered":"\n<p>Natif de Qu\u00e9bec, Sylvain re\u00e7oit une formation classique au Conservatoire de musique, au C\u00e9gep Sainte-Foy et \u00e0 l\u2019Universit\u00e9 Laval. Tr\u00e8s t\u00f4t, il s\u2019\u00e9veille \u00e0 la musique improvis\u00e9e et \u00e0 l\u2019immensit\u00e9 du r\u00e9pertoire pouvant \u00eatre associ\u00e9 au violon. En effet, depuis pr\u00e8s de 25 ans, il explore le jazz, la musique traditionnelle qu\u00e9b\u00e9coise, irlandaise, scandinave, roumaine, hongroise, russe, moyen-orientale et sud-am\u00e9ricaine. Sa grande capacit\u00e9 \u00e0 improviser et sa justesse remarquable l\u2019am\u00e8nent \u00e0 accompagner des artistes de renom tels que Gilles Vigneault et Yves Lambert.<\/p>\n\n\n\n<p>Au fil des ans, il fait de nombreuses tourn\u00e9es au Qu\u00e9bec et au Canada, ainsi qu\u2019aux \u00c9tats-Unis, en Europe, et en Asie.<\/p>\n\n\n\n<p>En 2001, il profite du passage du violoniste de r\u00e9putation internationale Didier Lockwood pour parfaire ses connaissances dans un stage en violon jazz au Domaine Forget. Ensuite, il \u00e9tudie ce style \u00e0 l\u2019Universit\u00e9 Laval aupr\u00e8s du guitariste Gabriel Hamel et du saxophoniste Janis Steprans; il obtient une ma\u00eetrise en interpr\u00e9tation du violon jazz au printemps 2015.<\/p>\n\n\n\n<p>Sylvain est actuellement charg\u00e9 de cours en violon jazz et musique populaire \u00e0 la Facult\u00e9 de musique de l\u2019Universit\u00e9 Laval et au C\u00e9gep de Sainte-Foy. Par ailleurs, il explore l\u2019art clownesque dans \u00abLa Grande \u00c9tude\u00bb du Th\u00e9\u00e2tre \u00c0 Tempo, et interpr\u00e8te des musiques du monde avec Bazirka, du swing manouche avec Des Sourcils ainsi qu\u2019avec The Lost Fingers, et de la musique scandinave et qu\u00e9b\u00e9coise avec l\u2019ensemble Nordri.<\/p>\n\n\n\n<p>Il&nbsp;re\u00e7oit r\u00e9guli\u00e8rement l\u2019aide financi\u00e8re du Conseil des arts et des lettres du Qu\u00e9bec qui le soutient dans ses projets de cr\u00e9ation.<\/p>\n\n\n\n<p>Avec sa conjointe Anne-H\u00e9l\u00e8ne Chevrette, ils lancent cet automne un album instrumental de pi\u00e8ces originales&nbsp;: NORDRI \u00e0 \u00e9couter absolument!<\/p>\n","protected":false},"excerpt":{"rendered":"<p>Natif de Qu\u00e9bec, Sylvain re\u00e7oit une formation classique au Conservatoire de musique, au C\u00e9gep Sainte-Foy et \u00e0 l\u2019Universit\u00e9 Laval. Tr\u00e8s t\u00f4t, il s\u2019\u00e9veille \u00e0 la musique improvis\u00e9e et \u00e0 l\u2019immensit\u00e9 du r\u00e9pertoire pouvant \u00eatre associ\u00e9 au violon. En effet, depuis pr\u00e8s de 25 ans, il explore le jazz, la musique traditionnelle qu\u00e9b\u00e9coise, irlandaise, scandinave, roumaine, hongroise, russe, moyen-orientale et sud-am\u00e9ricaine. Sa grande capacit\u00e9 \u00e0 improviser et sa justesse remarquable l\u2019am\u00e8nent \u00e0 accompagner des artistes de renom tels que Gilles Vigneault et Yves Lambert. Au fil des ans, il fait de nombreuses tourn\u00e9es au Qu\u00e9bec et au Canada, ainsi qu\u2019aux \u00c9tats-Unis, en Europe, et en Asie. En 2001, il profite du passage du violoniste de r\u00e9putation internationale Didier Lockwood pour parfaire ses connaissances dans un stage en violon jazz au Domaine Forget. Ensuite, il \u00e9tudie ce style \u00e0 l\u2019Universit\u00e9 Laval aupr\u00e8s du guitariste Gabriel Hamel et du saxophoniste Janis Steprans; il obtient une ma\u00eetrise en interpr\u00e9tation du violon jazz au printemps 2015. Sylvain est actuellement charg\u00e9 de cours en violon jazz et musique populaire \u00e0 la Facult\u00e9 de musique de l\u2019Universit\u00e9 Laval et au C\u00e9gep de Sainte-Foy. Par ailleurs, il explore l\u2019art clownesque dans \u00abLa Grande \u00c9tude\u00bb du Th\u00e9\u00e2tre \u00c0 Tempo, et interpr\u00e8te des musiques du monde avec Bazirka, du swing manouche avec Des Sourcils ainsi qu\u2019avec The Lost Fingers, et de la musique scandinave et qu\u00e9b\u00e9coise avec l\u2019ensemble Nordri. Il&nbsp;re\u00e7oit r\u00e9guli\u00e8rement l\u2019aide financi\u00e8re du Conseil des arts et des lettres du Qu\u00e9bec qui le soutient dans ses projets de cr\u00e9ation. Avec sa conjointe Anne-H\u00e9l\u00e8ne Chevrette, ils lancent cet automne un album instrumental de pi\u00e8ces originales&nbsp;: NORDRI \u00e0 \u00e9couter absolument!<\/p>\n","protected":false},"author":1,"featured_media":0,"parent":0,"menu_order":0,"comment_status":"closed","ping_status":"closed","template":"","meta":{"footnotes":""},"class_list":["post-94","page","type-page","status-publish","hentry"],"_links":{"self":[{"href":"https:\/\/robertcyr.ca\/index.php?rest_route=\/wp\/v2\/pages\/94","targetHints":{"allow":["GET"]}}],"collection":[{"href":"https:\/\/robertcyr.ca\/index.php?rest_route=\/wp\/v2\/pages"}],"about":[{"href":"https:\/\/robertcyr.ca\/index.php?rest_route=\/wp\/v2\/types\/page"}],"author":[{"embeddable":true,"href":"https:\/\/robertcyr.ca\/index.php?rest_route=\/wp\/v2\/users\/1"}],"replies":[{"embeddable":true,"href":"https:\/\/robertcyr.ca\/index.php?rest_route=%2Fwp%2Fv2%2Fcomments&post=94"}],"version-history":[{"count":1,"href":"https:\/\/robertcyr.ca\/index.php?rest_route=\/wp\/v2\/pages\/94\/revisions"}],"predecessor-version":[{"id":95,"href":"https:\/\/robertcyr.ca\/index.php?rest_route=\/wp\/v2\/pages\/94\/revisions\/95"}],"wp:attachment":[{"href":"https:\/\/robertcyr.ca\/index.php?rest_route=%2Fwp%2Fv2%2Fmedia&parent=94"}],"curies":[{"name":"wp","href":"https:\/\/api.w.org\/{rel}","templated":true}]}}